{"id":8957,"date":"2025-12-04T06:00:53","date_gmt":"2025-12-04T06:00:53","guid":{"rendered":"https:\/\/numonly.com\/?page_id=8957"},"modified":"2025-12-14T11:39:12","modified_gmt":"2025-12-14T11:39:12","slug":"submit","status":"publish","type":"page","link":"https:\/\/numonly.com\/fr\/submit\/","title":{"rendered":"Soumettre"},"content":{"rendered":"\n<p>Envoyez \u00e0 NumOnly vos chiffres et analyses chiffr\u00e9es qui d\u00e9cryptent l&rsquo;actualit\u00e9 :<\/p>\n\n\nYou do not have permission to see this form. You must first register.","protected":false},"excerpt":{"rendered":"<p>Envoyez \u00e0 NumOnly vos chiffres et analyses chiffr\u00e9es qui d\u00e9cryptent l&rsquo;actualit\u00e9 :<\/p>\n","protected":false},"author":1,"featured_media":0,"parent":0,"menu_order":0,"comment_status":"closed","ping_status":"closed","template":"","meta":{"_kad_post_transparent":"","_kad_post_title":"","_kad_post_layout":"","_kad_post_sidebar_id":"","_kad_post_content_style":"","_kad_post_vertical_padding":"show","_kad_post_feature":"","_kad_post_feature_position":"","_kad_post_header":false,"_kad_post_footer":false,"_kad_post_classname":"","footnotes":""},"class_list":["post-8957","page","type-page","status-publish","hentry"],"featured_image_urls":{},"appp_media":null,"_links":{"self":[{"href":"https:\/\/numonly.com\/fr\/wp-json\/wp\/v2\/pages\/8957","targetHints":{"allow":["GET"]}}],"collection":[{"href":"https:\/\/numonly.com\/fr\/wp-json\/wp\/v2\/pages"}],"about":[{"href":"https:\/\/numonly.com\/fr\/wp-json\/wp\/v2\/types\/page"}],"author":[{"embeddable":true,"href":"https:\/\/numonly.com\/fr\/wp-json\/wp\/v2\/users\/1"}],"replies":[{"embeddable":true,"href":"https:\/\/numonly.com\/fr\/wp-json\/wp\/v2\/comments?post=8957"}],"version-history":[{"count":9,"href":"https:\/\/numonly.com\/fr\/wp-json\/wp\/v2\/pages\/8957\/revisions"}],"predecessor-version":[{"id":9145,"href":"https:\/\/numonly.com\/fr\/wp-json\/wp\/v2\/pages\/8957\/revisions\/9145"}],"wp:attachment":[{"href":"https:\/\/numonly.com\/fr\/wp-json\/wp\/v2\/media?parent=8957"}],"curies":[{"name":"wp","href":"https:\/\/api.w.org\/{rel}","templated":true}]}}