{"id":4822,"date":"2022-07-08T11:44:09","date_gmt":"2022-07-08T11:44:09","guid":{"rendered":"https:\/\/infos.numonly.com\/wp\/?page_id=4822"},"modified":"2026-02-17T16:47:42","modified_gmt":"2026-02-17T16:47:42","slug":"a-propos","status":"publish","type":"page","link":"https:\/\/numonly.com\/fr\/a-propos\/","title":{"rendered":"L&rsquo;esprit de NumOnly"},"content":{"rendered":"\n<p><\/p>\n\n\n\n<h3 class=\"wp-block-heading\">Tout a \u00e9t\u00e9 cr\u00e9\u00e9 par des nombres, des poids et des mesures (Isaac Newton).<\/h3>\n\n\n\n<p>Jamais auparavant les sujets de toutes sortes n\u2019ont suscit\u00e9 autant de clivages, que ce soit dans les m\u00e9dias, dans la vie politique, dans les r\u00e9seaux sociaux, dans nos relations sociales, familiales.<\/p>\n\n\n\n<p>Cette prolif\u00e9ration d\u2019opinions et d\u2019oppositions est renforc\u00e9e par la circulation exponentielle de l\u2019information et un monde de plus en plus complexe, qui se pr\u00eate \u00e0 des interpr\u00e9tations multiples.<\/p>\n\n\n\n<figure class=\"wp-block-image size-full\"><img loading=\"lazy\" decoding=\"async\" width=\"887\" height=\"1024\" src=\"https:\/\/numonly.com\/wp-content\/uploads\/2025\/12\/image-7-887x1024-1.png\" alt=\"\" class=\"wp-image-9088\" srcset=\"https:\/\/numonly.com\/wp-content\/uploads\/2025\/12\/image-7-887x1024-1.png 887w, https:\/\/numonly.com\/wp-content\/uploads\/2025\/12\/image-7-887x1024-1-260x300.png 260w, https:\/\/numonly.com\/wp-content\/uploads\/2025\/12\/image-7-887x1024-1-768x887.png 768w\" sizes=\"auto, (max-width: 887px) 100vw, 887px\" \/><\/figure>\n\n\n\n<p>Bien que les chiffres ne soient g\u00e9n\u00e9ralement pas suffisants pour d\u00e9crire pleinement une probl\u00e9matique, et bien que le choix des chiffres constitue en soi un biais, ils aident n\u00e9anmoins \u00e0 objectiver l\u2019analyse, \u00e0 \u00e9largir la perspective, \u00e0 comparer.<\/p>\n\n\n\n<p>NumOnly a ainsi pour vocation de traduire l\u2019information en langage num\u00e9rique, sans interpr\u00e9tation subjective ou hasardeuse.<\/p>\n\n\n\n<h3 class=\"wp-block-heading\">Mais si \u00ab&nbsp;les chiffres ne mentent pas, il arrive parfois que les menteurs chiffrent&nbsp;\u00bb (Jacques Duhamel).<\/h3>\n\n\n\n<p>C\u2019est pourquoi les sources, toujours cit\u00e9es, sont soigneusement s\u00e9lectionn\u00e9es sur des crit\u00e8res de fiabilit\u00e9 et de pertinence.<\/p>\n\n\n\n<p>Ces sources peuvent provenir :<\/p>\n\n\n\n<ul class=\"wp-block-list\">\n<li>d&rsquo;institutions publiques, nationales ou internationales,<\/li>\n\n\n\n<li>d&rsquo;organisations ou associations \u00e0 but non lucratif,<\/li>\n\n\n\n<li>de journaux et magazines g\u00e9n\u00e9ralistes ou sp\u00e9cialis\u00e9s,<\/li>\n\n\n\n<li>d&rsquo;instituts nationaux et internationaux de recherche et d\u2019enqu\u00eate,<\/li>\n\n\n\n<li>d&rsquo;experts produisant des rapports et des analyses,<\/li>\n\n\n\n<li>de sites encyclop\u00e9diques.<\/li>\n<\/ul>\n\n\n\n<p>La fiabilit\u00e9 de l\u2019information est syst\u00e9matiquement v\u00e9rifi\u00e9e par des contr\u00f4les de coh\u00e9rence des donn\u00e9es et des recoupements entre les diff\u00e9rentes sources.<br>En cas de doute, l\u2019information n\u2019est pas publi\u00e9e.<\/p>\n\n\n\n<figure class=\"wp-block-image size-full\"><img loading=\"lazy\" decoding=\"async\" width=\"887\" height=\"1024\" src=\"https:\/\/numonly.com\/wp-content\/uploads\/2025\/12\/image-6-887x1024-1.png\" alt=\"\" class=\"wp-image-9084\" srcset=\"https:\/\/numonly.com\/wp-content\/uploads\/2025\/12\/image-6-887x1024-1.png 887w, https:\/\/numonly.com\/wp-content\/uploads\/2025\/12\/image-6-887x1024-1-260x300.png 260w, https:\/\/numonly.com\/wp-content\/uploads\/2025\/12\/image-6-887x1024-1-768x887.png 768w\" sizes=\"auto, (max-width: 887px) 100vw, 887px\" \/><\/figure>\n\n\n\n<p>Les th\u00e9matiques sont larges, allant de l\u2019environnement, aux enjeux soci\u00e9taux, au monde de l\u2019internet, \u00e0 la science, \u00e0 l\u2019\u00e9conomie, \u00e0 la g\u00e9opolitique, au sport, \u00e0 la culture, aux enqu\u00eates d&rsquo;opinion, aux m\u00e9dias\u2026<\/p>\n\n\n\n<p>Les publications peuvent :<\/p>\n\n\n\n<ul class=\"wp-block-list\">\n<li>d\u00e9crire en quelques chiffres les enjeux et la port\u00e9e d\u2019une probl\u00e9matique,<\/li>\n\n\n\n<li>comparer les situations entre r\u00e9gions, entre pays,<\/li>\n\n\n\n<li>pr\u00e9senter les \u00e9volutions au fil du temps,<\/li>\n\n\n\n<li>\u00e9voquer des enqu\u00eates d\u2019opinion pour mesurer les \u00e9volutions soci\u00e9tales,<\/li>\n\n\n\n<li>fournir des informations intrins\u00e8quement num\u00e9riques&nbsp;: revenus, prix, indices, taux,\u2026<\/li>\n<\/ul>\n\n\n\n<p>Les articles sont toujours li\u00e9s \u00e0 un sujet d\u2019actualit\u00e9 ou \u00e0 une publication r\u00e9cente. <\/p>\n\n\n\n<h4 class=\"wp-block-heading\">Format :<\/h4>\n\n\n\n<p>Il n\u2019y a pas de format pr\u00e9d\u00e9fini, mais chaque article doit \u00eatre concis et clair. Il doit \u00eatre lu et compris en moins de 3 \u00e0 4 minutes et bien s\u00fbr, puisque nous sommes chez NumOnly, il doit reposer sur des chiffres imm\u00e9diatement significatifs.<\/p>\n\n\n\n<p>N\u2019oubliez pas, NumOnly a la modeste ambition de vous livrer, en synth\u00e8se, simplicit\u00e9 et rationalit\u00e9, l\u2019\u00e9tat du monde !<\/p>\n\n\n\n<figure class=\"wp-block-image size-full\"><img loading=\"lazy\" decoding=\"async\" width=\"357\" height=\"357\" src=\"https:\/\/numonly.com\/wp-content\/uploads\/2025\/12\/image-27.png\" alt=\"\" class=\"wp-image-9086\" srcset=\"https:\/\/numonly.com\/wp-content\/uploads\/2025\/12\/image-27.png 357w, https:\/\/numonly.com\/wp-content\/uploads\/2025\/12\/image-27-300x300.png 300w, https:\/\/numonly.com\/wp-content\/uploads\/2025\/12\/image-27-150x150.png 150w\" sizes=\"auto, (max-width: 357px) 100vw, 357px\" \/><\/figure>\n","protected":false},"excerpt":{"rendered":"<p>Tout a \u00e9t\u00e9 cr\u00e9\u00e9 par des nombres, des poids et des mesures (Isaac Newton). Jamais auparavant les sujets de toutes sortes n\u2019ont suscit\u00e9 autant de clivages, que ce soit dans les m\u00e9dias, dans la vie politique, dans les r\u00e9seaux sociaux, dans nos relations sociales, familiales. Cette prolif\u00e9ration d\u2019opinions et d\u2019oppositions est renforc\u00e9e par la circulation&#8230;<\/p>\n","protected":false},"author":1,"featured_media":0,"parent":0,"menu_order":0,"comment_status":"closed","ping_status":"closed","template":"","meta":{"_kad_post_transparent":"default","_kad_post_title":"default","_kad_post_layout":"normal","_kad_post_sidebar_id":"","_kad_post_content_style":"unboxed","_kad_post_vertical_padding":"hide","_kad_post_feature":"hide","_kad_post_feature_position":"","_kad_post_header":false,"_kad_post_footer":false,"_kad_post_classname":"","footnotes":""},"class_list":["post-4822","page","type-page","status-publish","hentry"],"featured_image_urls":{},"appp_media":null,"_links":{"self":[{"href":"https:\/\/numonly.com\/fr\/wp-json\/wp\/v2\/pages\/4822","targetHints":{"allow":["GET"]}}],"collection":[{"href":"https:\/\/numonly.com\/fr\/wp-json\/wp\/v2\/pages"}],"about":[{"href":"https:\/\/numonly.com\/fr\/wp-json\/wp\/v2\/types\/page"}],"author":[{"embeddable":true,"href":"https:\/\/numonly.com\/fr\/wp-json\/wp\/v2\/users\/1"}],"replies":[{"embeddable":true,"href":"https:\/\/numonly.com\/fr\/wp-json\/wp\/v2\/comments?post=4822"}],"version-history":[{"count":94,"href":"https:\/\/numonly.com\/fr\/wp-json\/wp\/v2\/pages\/4822\/revisions"}],"predecessor-version":[{"id":9420,"href":"https:\/\/numonly.com\/fr\/wp-json\/wp\/v2\/pages\/4822\/revisions\/9420"}],"wp:attachment":[{"href":"https:\/\/numonly.com\/fr\/wp-json\/wp\/v2\/media?parent=4822"}],"curies":[{"name":"wp","href":"https:\/\/api.w.org\/{rel}","templated":true}]}}