{"id":9716,"date":"2022-07-08T11:44:09","date_gmt":"2022-07-08T11:44:09","guid":{"rendered":"https:\/\/numonly.com\/?page_id=9716"},"modified":"2026-04-11T18:36:25","modified_gmt":"2026-04-11T18:36:25","slug":"espirita-de-numonly","status":"publish","type":"page","link":"https:\/\/numonly.com\/es\/espirita-de-numonly\/","title":{"rendered":"Esp\u00edrita de NumOnly"},"content":{"rendered":"\n<h3 class=\"wp-block-heading\"><strong>Todo fue creado por n\u00fameros, pesos y medidas (Isaac Newton).<\/strong><\/h3>\n\n\n\n<p>Nunca antes los temas de todo tipo hab\u00edan generado tantas divisiones, ya sea en los medios de comunicaci\u00f3n, en la vida pol\u00edtica, en las redes sociales o en nuestras relaciones sociales y familiares.<\/p>\n\n\n\n<p>Esta proliferaci\u00f3n de opiniones y puntos de vista opuestos se ve reforzada por el flujo exponencial de informaci\u00f3n y por un mundo cada vez m\u00e1s complejo que se presta a m\u00faltiples interpretaciones.<\/p>\n\n\n\n<figure class=\"wp-block-image size-full\"><img loading=\"lazy\" decoding=\"async\" width=\"887\" height=\"1024\" src=\"https:\/\/numonly.com\/wp-content\/uploads\/2025\/12\/image-7-887x1024-1.png\" alt=\"\" class=\"wp-image-9088\" srcset=\"https:\/\/numonly.com\/wp-content\/uploads\/2025\/12\/image-7-887x1024-1.png 887w, https:\/\/numonly.com\/wp-content\/uploads\/2025\/12\/image-7-887x1024-1-260x300.png 260w, https:\/\/numonly.com\/wp-content\/uploads\/2025\/12\/image-7-887x1024-1-768x887.png 768w\" sizes=\"auto, (max-width: 887px) 100vw, 887px\" \/><\/figure>\n\n\n\n<p>Aunque las cifras generalmente no son suficientes para describir completamente un tema, y aunque la elecci\u00f3n de las cifras es en s\u00ed misma un sesgo, no obstante ayudan a objetivar el an\u00e1lisis, ampliar la perspectiva y permitir comparaciones.<\/p>\n\n\n\n<p>NumOnly tiene as\u00ed como objetivo traducir la informaci\u00f3n a un lenguaje digital, sin interpretaci\u00f3n subjetiva o arriesgada.<\/p>\n\n\n\n<h3 class=\"wp-block-heading\">Pero si \u00bb las cifras no mienten, a veces ocurre que los mentirosos las cifran \u00bb (Jacques Duhamel).<\/h3>\n\n\n\n<p>Por eso las fuentes, siempre citadas, se seleccionan cuidadosamente seg\u00fan criterios de fiabilidad y pertinencia.<\/p>\n\n\n\n<p>Estas fuentes pueden proceder de:<\/p>\n\n\n\n<ul class=\"wp-block-list\">\n<li>de instituciones p\u00fablicas, nacionales o internacionales,<\/li>\n\n\n\n<li>de organizaciones o asociaciones sin \u00e1nimo de lucro,<\/li>\n\n\n\n<li>de peri\u00f3dicos y revistas generalistas o especializados,<\/li>\n\n\n\n<li>de institutos nacionales e internacionales de investigaci\u00f3n y encuestas,<\/li>\n\n\n\n<li>de expertos que elaboran informes y an\u00e1lisis,<\/li>\n\n\n\n<li>de sitios enciclop\u00e9dicos.<\/li>\n<\/ul>\n\n\n\n<p>La fiabilidad de la informaci\u00f3n se verifica sistem\u00e1ticamente mediante controles de coherencia y la contrastaci\u00f3n con m\u00faltiples fuentes<\/p>\n\n\n\n<p>En caso de duda, la informaci\u00f3n no se publica.<\/p>\n\n\n\n<figure class=\"wp-block-image size-full\"><img loading=\"lazy\" decoding=\"async\" width=\"887\" height=\"1024\" src=\"https:\/\/numonly.com\/wp-content\/uploads\/2025\/12\/image-6-887x1024-1.png\" alt=\"\" class=\"wp-image-9084\" srcset=\"https:\/\/numonly.com\/wp-content\/uploads\/2025\/12\/image-6-887x1024-1.png 887w, https:\/\/numonly.com\/wp-content\/uploads\/2025\/12\/image-6-887x1024-1-260x300.png 260w, https:\/\/numonly.com\/wp-content\/uploads\/2025\/12\/image-6-887x1024-1-768x887.png 768w\" sizes=\"auto, (max-width: 887px) 100vw, 887px\" \/><\/figure>\n\n\n\n<p>Los temas tratados son amplios, abarcando el medio ambiente, las cuestiones sociales, el mundo de internet, la ciencia, la econom\u00eda, la geopol\u00edtica, el deporte, las encuestas de opini\u00f3n y los medios de comunicaci\u00f3n.<\/p>\n\n\n\n<p>Las publicaciones pueden:<\/p>\n\n\n\n<ul class=\"wp-block-list\">\n<li>describir, a trav\u00e9s de algunas cifras clave, los desaf\u00edos y el alcance de un tema determinado,<\/li>\n\n\n\n<li>presentar comparaciones entre regiones o pa\u00edses,<\/li>\n\n\n\n<li>poner de relieve tendencias a lo largo del tiempo,<\/li>\n\n\n\n<li>referirse a encuestas de opini\u00f3n para medir las evoluciones sociales,<\/li>\n\n\n\n<li>proporcionar informaci\u00f3n intr\u00ednsecamente num\u00e9rica: ingresos, precios, \u00edndices, tasas, entre otros.<\/li>\n<\/ul>\n\n\n\n<p>Las publicaciones est\u00e1n siempre vinculadas a un tema de actualidad o a una publicaci\u00f3n reciente.<\/p>\n\n\n\n<h4 class=\"wp-block-heading\">Formato :<\/h4>\n\n\n\n<p>No existe un formato predefinido, pero cada art\u00edculo debe ser conciso y claro. Debe poder leerse y comprenderse en menos de 3 a 4 minutos y, por supuesto, dado que estamos en NumOnly, debe basarse en cifras inmediatamente significativas.<\/p>\n\n\n\n<p>No lo olvides, NumOnly tiene la modesta ambici\u00f3n de ofrecerte, con s\u00edntesis, simplicidad y racionalidad, el estado del mundo.<\/p>\n\n\n\n<p><\/p>\n\n\n\n<figure class=\"wp-block-image size-full\"><img loading=\"lazy\" decoding=\"async\" width=\"357\" height=\"357\" src=\"https:\/\/numonly.com\/wp-content\/uploads\/2025\/12\/image-27.png\" alt=\"\" class=\"wp-image-9086\" srcset=\"https:\/\/numonly.com\/wp-content\/uploads\/2025\/12\/image-27.png 357w, https:\/\/numonly.com\/wp-content\/uploads\/2025\/12\/image-27-300x300.png 300w, https:\/\/numonly.com\/wp-content\/uploads\/2025\/12\/image-27-150x150.png 150w\" sizes=\"auto, (max-width: 357px) 100vw, 357px\" \/><\/figure>\n","protected":false},"excerpt":{"rendered":"<p>Todo fue creado por n\u00fameros, pesos y medidas (Isaac Newton). Nunca antes los temas de todo tipo hab\u00edan generado tantas divisiones, ya sea en los medios de comunicaci\u00f3n, en la vida pol\u00edtica, en las redes sociales o en nuestras relaciones sociales y familiares. Esta proliferaci\u00f3n de opiniones y puntos de vista opuestos se ve reforzada&#8230;<\/p>\n","protected":false},"author":1,"featured_media":0,"parent":0,"menu_order":0,"comment_status":"closed","ping_status":"closed","template":"","meta":{"_kad_post_transparent":"","_kad_post_title":"","_kad_post_layout":"","_kad_post_sidebar_id":"","_kad_post_content_style":"","_kad_post_vertical_padding":"","_kad_post_feature":"","_kad_post_feature_position":"","_kad_post_header":false,"_kad_post_footer":false,"_kad_post_classname":"","footnotes":""},"class_list":["post-9716","page","type-page","status-publish","hentry"],"featured_image_urls":{},"appp_media":null,"_links":{"self":[{"href":"https:\/\/numonly.com\/es\/wp-json\/wp\/v2\/pages\/9716","targetHints":{"allow":["GET"]}}],"collection":[{"href":"https:\/\/numonly.com\/es\/wp-json\/wp\/v2\/pages"}],"about":[{"href":"https:\/\/numonly.com\/es\/wp-json\/wp\/v2\/types\/page"}],"author":[{"embeddable":true,"href":"https:\/\/numonly.com\/es\/wp-json\/wp\/v2\/users\/1"}],"replies":[{"embeddable":true,"href":"https:\/\/numonly.com\/es\/wp-json\/wp\/v2\/comments?post=9716"}],"version-history":[{"count":1,"href":"https:\/\/numonly.com\/es\/wp-json\/wp\/v2\/pages\/9716\/revisions"}],"predecessor-version":[{"id":9726,"href":"https:\/\/numonly.com\/es\/wp-json\/wp\/v2\/pages\/9716\/revisions\/9726"}],"wp:attachment":[{"href":"https:\/\/numonly.com\/es\/wp-json\/wp\/v2\/media?parent=9716"}],"curies":[{"name":"wp","href":"https:\/\/api.w.org\/{rel}","templated":true}]}}